{"id":318,"date":"2026-02-19T20:52:57","date_gmt":"2026-02-19T19:52:57","guid":{"rendered":"https:\/\/cool-khayyam.scw.site\/index.php\/workshop\/"},"modified":"2026-03-09T17:23:37","modified_gmt":"2026-03-09T16:23:37","slug":"consultations","status":"publish","type":"page","link":"https:\/\/thekhip.com\/?page_id=318","title":{"rendered":"Consultations"},"content":{"rendered":"\t\t<div data-elementor-type=\"wp-page\" data-elementor-id=\"318\" class=\"elementor elementor-318\">\n\t\t\t\t<div class=\"elementor-element elementor-element-f76547a e-con-full e-flex e-con e-parent\" data-id=\"f76547a\" data-element_type=\"container\" data-e-type=\"container\">\n\t\t<div class=\"elementor-element elementor-element-fc891da e-con-full e-flex e-con e-child\" data-id=\"fc891da\" data-element_type=\"container\" data-e-type=\"container\">\n\t\t<div class=\"elementor-element elementor-element-356ab99 e-con-full e-flex e-con e-child\" data-id=\"356ab99\" data-element_type=\"container\" data-e-type=\"container\" data-settings=\"{&quot;background_background&quot;:&quot;classic&quot;}\">\n\t\t\t\t<\/div>\n\t\t<div class=\"elementor-element elementor-element-876524a e-con-full e-flex e-con e-child\" data-id=\"876524a\" data-element_type=\"container\" data-e-type=\"container\" data-settings=\"{&quot;background_background&quot;:&quot;classic&quot;}\">\n\t\t<div class=\"elementor-element elementor-element-d1952d0 e-con-full e-flex e-con e-child\" data-id=\"d1952d0\" data-element_type=\"container\" data-e-type=\"container\" data-settings=\"{&quot;background_background&quot;:&quot;classic&quot;}\">\n\t\t<div class=\"elementor-element elementor-element-c377e8c e-con-full e-flex e-con e-child\" data-id=\"c377e8c\" data-element_type=\"container\" data-e-type=\"container\" data-settings=\"{&quot;background_background&quot;:&quot;classic&quot;}\">\n\t\t\t\t<\/div>\n\t\t<div class=\"elementor-element elementor-element-801e9da e-con-full e-flex e-con e-child\" data-id=\"801e9da\" data-element_type=\"container\" data-e-type=\"container\">\n\t\t\t\t<div class=\"elementor-element elementor-element-1217d7f elementor-widget elementor-widget-heading\" data-id=\"1217d7f\" data-element_type=\"widget\" data-e-type=\"widget\" data-widget_type=\"heading.default\">\n\t\t\t\t\t<h1 class=\"elementor-heading-title elementor-size-default\">Visio-consultation et accompagnement priv\u00e9s sur rendez-vous <\/h1>\t\t\t\t<\/div>\n\t\t\t\t<div class=\"elementor-element elementor-element-bcf2b5b elementor-widget elementor-widget-heading\" data-id=\"bcf2b5b\" data-element_type=\"widget\" data-e-type=\"widget\" data-widget_type=\"heading.default\">\n\t\t\t\t\t<h2 class=\"elementor-heading-title elementor-size-default\">Une approche pour mieux s\u2019adapter<\/h2>\t\t\t\t<\/div>\n\t\t\t\t<div class=\"elementor-element elementor-element-ce3c30d elementor-widget elementor-widget-text-editor\" data-id=\"ce3c30d\" data-element_type=\"widget\" data-e-type=\"widget\" data-widget_type=\"text-editor.default\">\n\t\t\t\t\t\t\t\t\t<p class=\"font_7\">Vous avez la possibilit\u00e9 d\u2019\u00eatre accompagn\u00e9 afin d\u2019avoir les acquis pour vivre ce qui semble le plus adapt\u00e9 pour vous :<\/p><p class=\"font_7\">Partant du principe que la cl\u00e9 du bien-\u00eatre est l&rsquo;adaptabilit\u00e9, notre suivi met l&rsquo;accent sur l&rsquo;apprentissage continu et des ajustements simples et graduels aux situations quotidiennes de la vie, communes \u00e0 tous.<\/p>\t\t\t\t\t\t\t\t<\/div>\n\t\t\t\t<div class=\"elementor-element elementor-element-17223d8 elementor-widget elementor-widget-heading\" data-id=\"17223d8\" data-element_type=\"widget\" data-e-type=\"widget\" data-widget_type=\"heading.default\">\n\t\t\t\t\t<h2 class=\"elementor-heading-title elementor-size-default\">Une technique bas\u00e9e sur la communication et le langage<\/h2>\t\t\t\t<\/div>\n\t\t\t\t<div class=\"elementor-element elementor-element-d5c7dcc elementor-widget elementor-widget-text-editor\" data-id=\"d5c7dcc\" data-element_type=\"widget\" data-e-type=\"widget\" data-widget_type=\"text-editor.default\">\n\t\t\t\t\t\t\t\t\t<p class=\"font_7\">Nous utilisons une technique directe, accessible et mesurable, bas\u00e9e sur la communication et le langage, afin de vous aider \u00e0 changer de r\u00e9f\u00e9rences, en vous facilitant l&rsquo;apprentissage de nouveaux comportements, plus en ad\u00e9quation avec ce que vous souhaitez vivre ou ce qui est n\u00e9cessaire pour vous.<\/p><p class=\"font_7\">En effet, les mots et le vocabulaire employ\u00e9s refl\u00e8tent la condition de notre pens\u00e9e, de nos capacit\u00e9s et de nos positionnements dans la vie. Avec notre grille de lecture, nous allons droit \u00e0 l&rsquo;essentiel.<\/p><p class=\"font_7\">Nous n&rsquo;avons pas besoin de parler de votre pass\u00e9 des heures durant (vous le connaissez d\u00e9j\u00e0), ni m\u00eame de le comprendre pour vous aider.<\/p>\t\t\t\t\t\t\t\t<\/div>\n\t\t\t\t<div class=\"elementor-element elementor-element-440c1ef elementor-widget elementor-widget-heading\" data-id=\"440c1ef\" data-element_type=\"widget\" data-e-type=\"widget\" data-widget_type=\"heading.default\">\n\t\t\t\t\t<h2 class=\"elementor-heading-title elementor-size-default\">Un accompagnement tourn\u00e9 vers l\u2019acquisition de nouveaux savoir-faire<\/h2>\t\t\t\t<\/div>\n\t\t\t\t<div class=\"elementor-element elementor-element-3f5e994 elementor-widget elementor-widget-text-editor\" data-id=\"3f5e994\" data-element_type=\"widget\" data-e-type=\"widget\" data-widget_type=\"text-editor.default\">\n\t\t\t\t\t\t\t\t\t<p class=\"font_7 wixui-rich-text__text\">Durant une consultation, nous ne cherchons pas \u00e0 r\u00e9soudre les conflits ou les probl\u00e8mes du patient, mais simplement \u00e0 mettre en lumi\u00e8re les diff\u00e9rents domaines o\u00f9 de nouveaux acquis sont n\u00e9cessaires, afin de lui permettre de s&rsquo;adapter et de progresser. Nous proposons alors un apprentissage sur mesure, capable d&rsquo;influencer de mani\u00e8re dirig\u00e9e votre structure c\u00e9r\u00e9brale par l&rsquo;acquisition de nouveaux savoir-faire.<\/p>\t\t\t\t\t\t\t\t<\/div>\n\t\t\t\t<div class=\"elementor-element elementor-element-4c62d85 elementor-widget elementor-widget-heading\" data-id=\"4c62d85\" data-element_type=\"widget\" data-e-type=\"widget\" data-widget_type=\"heading.default\">\n\t\t\t\t\t<h2 class=\"elementor-heading-title elementor-size-default\">Un regard tourn\u00e9 vers l'avenir<\/h2>\t\t\t\t<\/div>\n\t\t\t\t<div class=\"elementor-element elementor-element-4edd8a7 elementor-widget elementor-widget-text-editor\" data-id=\"4edd8a7\" data-element_type=\"widget\" data-e-type=\"widget\" data-widget_type=\"text-editor.default\">\n\t\t\t\t\t\t\t\t\t<p class=\"font_7 wixui-rich-text__text\">L&rsquo;accent est mis sur la responsabilit\u00e9 individuelle et la progression vers un avenir meilleur, en utilisant les situations ou sympt\u00f4mes comme des indicateurs d&rsquo;apprentissages potentiels et avantageux, plut\u00f4t que comme des signes de conflits pass\u00e9s.<\/p>\t\t\t\t\t\t\t\t<\/div>\n\t\t\t\t<\/div>\n\t\t\t\t<\/div>\n\t\t\t\t<\/div>\n\t\t\t\t<\/div>\n\t\t<div class=\"elementor-element elementor-element-9bb7470 e-flex e-con-boxed e-con e-child\" data-id=\"9bb7470\" data-element_type=\"container\" data-e-type=\"container\">\n\t\t\t\t\t<div class=\"e-con-inner\">\n\t\t<div class=\"elementor-element elementor-element-a28bbea e-flex e-con-boxed e-con e-child\" data-id=\"a28bbea\" data-element_type=\"container\" data-e-type=\"container\" data-settings=\"{&quot;background_background&quot;:&quot;classic&quot;}\">\n\t\t\t\t\t<div class=\"e-con-inner\">\n\t\t<div class=\"elementor-element elementor-element-c77e417 e-con-full e-flex e-con e-child\" data-id=\"c77e417\" data-element_type=\"container\" data-e-type=\"container\">\n\t\t\t\t<div class=\"elementor-element elementor-element-234b0bf elementor-widget elementor-widget-heading\" data-id=\"234b0bf\" data-element_type=\"widget\" data-e-type=\"widget\" data-widget_type=\"heading.default\">\n\t\t\t\t\t<h2 class=\"elementor-heading-title elementor-size-default\">Prendre rendez-vous pour une consultation priv\u00e9e<\/h2>\t\t\t\t<\/div>\n\t\t\t\t<\/div>\n\t\t<div class=\"elementor-element elementor-element-cae5a31 e-con-full e-flex e-con e-child\" data-id=\"cae5a31\" data-element_type=\"container\" data-e-type=\"container\">\n\t\t\t\t<div class=\"elementor-element elementor-element-077f194 elementor-widget elementor-widget-text-editor\" data-id=\"077f194\" data-element_type=\"widget\" data-e-type=\"widget\" data-widget_type=\"text-editor.default\">\n\t\t\t\t\t\t\t\t\t<div id=\"comp-m7nli8r73\" class=\"ku3DBC zQ9jDz qvSjx3 Vq6kJx comp-m7nli8r73 wixui-rich-text\" data-testid=\"richTextElement\"><p class=\"font_8 wixui-rich-text__text\">L&rsquo;accompagnement priv\u00e9 se d\u00e9roule en visio-consultation.<\/p><p class=\"font_8 wixui-rich-text__text\">Contactez-nous pour convenir d&rsquo;un rendez-vous.<\/p><\/div>\t\t\t\t\t\t\t\t<\/div>\n\t\t\t\t<div class=\"elementor-element elementor-element-74d5adb elementor-align-left elementor-invisible elementor-widget elementor-widget-button\" data-id=\"74d5adb\" data-element_type=\"widget\" data-e-type=\"widget\" data-settings=\"{&quot;_animation&quot;:&quot;fadeInDown&quot;}\" data-widget_type=\"button.default\">\n\t\t\t\t\t\t\t\t\t\t<a class=\"elementor-button elementor-button-link elementor-size-sm elementor-animation-sink\" href=\"https:\/\/thekhip.com\/?page_id=501\">\n\t\t\t\t\t\t<span class=\"elementor-button-content-wrapper\">\n\t\t\t\t\t\t\t\t\t<span class=\"elementor-button-text\">Prendre rendez-vous<\/span>\n\t\t\t\t\t<\/span>\n\t\t\t\t\t<\/a>\n\t\t\t\t\t\t\t\t<\/div>\n\t\t\t\t<\/div>\n\t\t\t\t\t<\/div>\n\t\t\t\t<\/div>\n\t\t\t\t\t<\/div>\n\t\t\t\t<\/div>\n\t\t\t\t<\/div>\n\t\t\t\t<\/div>\n\t\t","protected":false},"excerpt":{"rendered":"<p>Visio-consultation et accompagnement priv\u00e9s sur rendez-vous Une approche pour mieux s\u2019adapter Vous avez la possibilit\u00e9 d\u2019\u00eatre accompagn\u00e9 afin d\u2019avoir les acquis pour vivre ce qui semble le plus adapt\u00e9 pour vous : Partant du principe que la cl\u00e9 du bien-\u00eatre est l&rsquo;adaptabilit\u00e9, notre suivi met l&rsquo;accent sur l&rsquo;apprentissage continu et des ajustements simples et graduels [&hellip;]<\/p>\n","protected":false},"author":1,"featured_media":0,"parent":0,"menu_order":0,"comment_status":"closed","ping_status":"closed","template":"elementor_header_footer","meta":{"footnotes":""},"class_list":["post-318","page","type-page","status-publish","hentry"],"_links":{"self":[{"href":"https:\/\/thekhip.com\/index.php?rest_route=\/wp\/v2\/pages\/318","targetHints":{"allow":["GET"]}}],"collection":[{"href":"https:\/\/thekhip.com\/index.php?rest_route=\/wp\/v2\/pages"}],"about":[{"href":"https:\/\/thekhip.com\/index.php?rest_route=\/wp\/v2\/types\/page"}],"author":[{"embeddable":true,"href":"https:\/\/thekhip.com\/index.php?rest_route=\/wp\/v2\/users\/1"}],"replies":[{"embeddable":true,"href":"https:\/\/thekhip.com\/index.php?rest_route=%2Fwp%2Fv2%2Fcomments&post=318"}],"version-history":[{"count":40,"href":"https:\/\/thekhip.com\/index.php?rest_route=\/wp\/v2\/pages\/318\/revisions"}],"predecessor-version":[{"id":650,"href":"https:\/\/thekhip.com\/index.php?rest_route=\/wp\/v2\/pages\/318\/revisions\/650"}],"wp:attachment":[{"href":"https:\/\/thekhip.com\/index.php?rest_route=%2Fwp%2Fv2%2Fmedia&parent=318"}],"curies":[{"name":"wp","href":"https:\/\/api.w.org\/{rel}","templated":true}]}}