{"id":348,"date":"2026-02-19T20:53:00","date_gmt":"2026-02-19T19:53:00","guid":{"rendered":"https:\/\/cool-khayyam.scw.site\/index.php\/home\/"},"modified":"2026-02-28T13:42:58","modified_gmt":"2026-02-28T12:42:58","slug":"accueil","status":"publish","type":"page","link":"https:\/\/thekhip.com\/","title":{"rendered":"Accueil"},"content":{"rendered":"\t\t<div data-elementor-type=\"wp-page\" data-elementor-id=\"348\" class=\"elementor elementor-348\">\n\t\t\t\t<div class=\"elementor-element elementor-element-4c3a01b e-con-full e-flex e-con e-parent\" data-id=\"4c3a01b\" data-element_type=\"container\" data-e-type=\"container\">\n\t\t<div class=\"elementor-element elementor-element-31104ab e-con-full e-flex e-con e-child\" data-id=\"31104ab\" data-element_type=\"container\" data-e-type=\"container\">\n\t\t<div class=\"elementor-element elementor-element-20def21 e-con-full e-flex e-con e-child\" data-id=\"20def21\" data-element_type=\"container\" data-e-type=\"container\" data-settings=\"{&quot;background_background&quot;:&quot;classic&quot;}\">\n\t\t\t\t<\/div>\n\t\t<div class=\"elementor-element elementor-element-4df4f3a e-con-full e-flex e-con e-child\" data-id=\"4df4f3a\" data-element_type=\"container\" data-e-type=\"container\" data-settings=\"{&quot;background_background&quot;:&quot;classic&quot;}\">\n\t\t\t\t<div class=\"elementor-element elementor-element-984d6e3 elementor-widget elementor-widget-heading\" data-id=\"984d6e3\" data-element_type=\"widget\" data-e-type=\"widget\" data-widget_type=\"heading.default\">\n\t\t\t\t\t<div class=\"elementor-heading-title elementor-size-default\">Apprentissages &amp; Autonomies de Savoir-Faire Relationnels<\/div>\t\t\t\t<\/div>\n\t\t\t\t<\/div>\n\t\t\t\t<\/div>\n\t\t<div class=\"elementor-element elementor-element-da66027 e-flex e-con-boxed e-con e-child\" data-id=\"da66027\" data-element_type=\"container\" data-e-type=\"container\">\n\t\t\t\t\t<div class=\"e-con-inner\">\n\t\t\t\t<div class=\"elementor-element elementor-element-7876e8c elementor-widget elementor-widget-heading\" data-id=\"7876e8c\" data-element_type=\"widget\" data-e-type=\"widget\" data-widget_type=\"heading.default\">\n\t\t\t\t\t<h1 class=\"elementor-heading-title elementor-size-default\">Accompagnement en savoir-faire comportemental<\/h1>\t\t\t\t<\/div>\n\t\t\t\t<div class=\"elementor-element elementor-element-e215407 elementor-widget elementor-widget-text-editor\" data-id=\"e215407\" data-element_type=\"widget\" data-e-type=\"widget\" data-widget_type=\"text-editor.default\">\n\t\t\t\t\t\t\t\t\t<p>S\u00e9minaires et consultations pour apprendre des comportements adapt\u00e9s \u00e0 votre quotidien<\/p>\t\t\t\t\t\t\t\t<\/div>\n\t\t\t\t<div class=\"elementor-element elementor-element-7cc2018 elementor-widget elementor-widget-text-editor\" data-id=\"7cc2018\" data-element_type=\"widget\" data-e-type=\"widget\" data-widget_type=\"text-editor.default\">\n\t\t\t\t\t\t\t\t\t<p class=\"font_7\"><strong>KHIP repose sur une vision :<\/strong> celle d\u2019un \u00e9quilibre entre ce qui est inn\u00e9 (naturel) en nous et les savoir-faire n\u00e9cessaires pour vivre harmonieusement notre \u00e9poque.<\/p><p class=\"font_7\"><strong>Nous croyons que chaque difficult\u00e9 rencontr\u00e9e au quotidien est une opportunit\u00e9 d\u2019apprentissage<\/strong>. Avec une approche m\u00e9thodique et ludique, concr\u00e8te et humaine, nous proposons des outils pour d\u00e9couvrir sa singularit\u00e9, renforcer ses relations et avancer \u00e0 son rythme vers une vie plus \u00e9panouissante et adapt\u00e9e \u00e0 ses d\u00e9sirs.<\/p>\t\t\t\t\t\t\t\t<\/div>\n\t\t\t\t<div class=\"elementor-element elementor-element-cafd84f elementor-align-center elementor-invisible elementor-widget elementor-widget-button\" data-id=\"cafd84f\" data-element_type=\"widget\" data-e-type=\"widget\" data-settings=\"{&quot;_animation&quot;:&quot;fadeInDown&quot;}\" data-widget_type=\"button.default\">\n\t\t\t\t\t\t\t\t\t\t<a class=\"elementor-button elementor-button-link elementor-size-sm elementor-animation-sink\" href=\"https:\/\/thekhip.com\/?page_id=473\">\n\t\t\t\t\t\t<span class=\"elementor-button-content-wrapper\">\n\t\t\t\t\t\t\t\t\t<span class=\"elementor-button-text\">En savoir plus<\/span>\n\t\t\t\t\t<\/span>\n\t\t\t\t\t<\/a>\n\t\t\t\t\t\t\t\t<\/div>\n\t\t\t\t\t<\/div>\n\t\t\t\t<\/div>\n\t\t\t\t<\/div>\n\t\t<div class=\"elementor-element elementor-element-73fd8e95 e-con-full e-flex e-con e-parent\" data-id=\"73fd8e95\" data-element_type=\"container\" data-e-type=\"container\">\n\t\t<div class=\"elementor-element elementor-element-17209eb0 e-con-full e-flex e-con e-child\" data-id=\"17209eb0\" data-element_type=\"container\" data-e-type=\"container\" data-settings=\"{&quot;background_background&quot;:&quot;classic&quot;}\">\n\t\t\t\t<\/div>\n\t\t<div class=\"elementor-element elementor-element-2be57289 e-con-full e-flex e-con e-child\" data-id=\"2be57289\" data-element_type=\"container\" data-e-type=\"container\" data-settings=\"{&quot;background_background&quot;:&quot;classic&quot;}\">\n\t\t\t\t<div class=\"elementor-element elementor-element-613938a4 elementor-widget elementor-widget-heading\" data-id=\"613938a4\" data-element_type=\"widget\" data-e-type=\"widget\" data-widget_type=\"heading.default\">\n\t\t\t\t\t<h2 class=\"elementor-heading-title elementor-size-default\">S\u00e9minaires priv\u00e9s<\/h2>\t\t\t\t<\/div>\n\t\t\t\t<div class=\"elementor-element elementor-element-3e8e9aed elementor-widget elementor-widget-text-editor\" data-id=\"3e8e9aed\" data-element_type=\"widget\" data-e-type=\"widget\" data-widget_type=\"text-editor.default\">\n\t\t\t\t\t\t\t\t\t<p class=\"font_7\">\u200bUne invitation \u00e0 d\u00e9couvrir des <strong>savoir-faire et des connaissances li\u00e9s aux comportements individuels et relationnels<\/strong>.<\/p><p class=\"font_7\">Notre approche consiste \u00e0 <strong>rester le plus proche possible de l&rsquo;essentiel<\/strong>, de ce qui est inn\u00e9 en chacun de nous, tout en nous adaptant aux exigences de notre \u00e9poque, gr\u00e2ce \u00e0 des <strong>outils d\u2019apprentissage modernes<\/strong>,\u00a0\u00e0 la fois <strong>pragmatiques<\/strong> et <strong>adaptables<\/strong>. Il s&rsquo;agit de trouver un \u00e9quilibre entre notre <strong>nature<\/strong>\u00a0et les <strong>nouveaux savoir-faire<\/strong> qui s&rsquo;offrent \u00e0 nous, pour construire un <strong>quotidien \u00e9panouissant<\/strong>.<\/p><p class=\"font_7\">\u200b<\/p><p class=\"font_7\">\u00ab\u00a0Apprendre \u00e0 harmoniser notre relation \u00e0 nous-m\u00eames, aux autres et \u00e0 notre environnement, afin d\u2019\u00eatre mieux adapt\u00e9s \u00e0 notre vie.\u00a0\u00bb<\/p>\t\t\t\t\t\t\t\t<\/div>\n\t\t\t\t<div class=\"elementor-element elementor-element-1118f93b elementor-invisible elementor-widget elementor-widget-button\" data-id=\"1118f93b\" data-element_type=\"widget\" data-e-type=\"widget\" data-settings=\"{&quot;_animation&quot;:&quot;fadeInDown&quot;}\" data-widget_type=\"button.default\">\n\t\t\t\t\t\t\t\t\t\t<a class=\"elementor-button elementor-button-link elementor-size-sm\" href=\"https:\/\/thekhip.com\/?page_id=436\">\n\t\t\t\t\t\t<span class=\"elementor-button-content-wrapper\">\n\t\t\t\t\t\t\t\t\t<span class=\"elementor-button-text\">\u00c0 propos des s\u00e9minaires<\/span>\n\t\t\t\t\t<\/span>\n\t\t\t\t\t<\/a>\n\t\t\t\t\t\t\t\t<\/div>\n\t\t\t\t<\/div>\n\t\t\t\t<\/div>\n\t\t<div class=\"elementor-element elementor-element-92881c4 e-con-full e-flex e-con e-parent\" data-id=\"92881c4\" data-element_type=\"container\" data-e-type=\"container\" data-settings=\"{&quot;background_background&quot;:&quot;classic&quot;}\">\n\t\t<div class=\"elementor-element elementor-element-c4bbf5e e-con-full e-flex e-con e-child\" data-id=\"c4bbf5e\" data-element_type=\"container\" data-e-type=\"container\" data-settings=\"{&quot;background_background&quot;:&quot;classic&quot;}\">\n\t\t\t\t<\/div>\n\t\t<div class=\"elementor-element elementor-element-1e47c11 e-con-full e-flex e-con e-child\" data-id=\"1e47c11\" data-element_type=\"container\" data-e-type=\"container\" data-settings=\"{&quot;background_background&quot;:&quot;classic&quot;}\">\n\t\t\t\t<div class=\"elementor-element elementor-element-85eb2d2 elementor-widget elementor-widget-heading\" data-id=\"85eb2d2\" data-element_type=\"widget\" data-e-type=\"widget\" data-widget_type=\"heading.default\">\n\t\t\t\t\t<h2 class=\"elementor-heading-title elementor-size-default\">Consultations<\/h2>\t\t\t\t<\/div>\n\t\t\t\t<div class=\"elementor-element elementor-element-c958013 elementor-widget elementor-widget-text-editor\" data-id=\"c958013\" data-element_type=\"widget\" data-e-type=\"widget\" data-widget_type=\"text-editor.default\">\n\t\t\t\t\t\t\t\t\t<p class=\"font_7 wixui-rich-text__text\">Nous vous offrons\u00a0<strong><span class=\"wixui-rich-text__text\">la possibilit\u00e9 d&rsquo;\u00eatre accompagn\u00e9 lors d&rsquo;une session priv\u00e9e<\/span><\/strong>, afin de d\u00e9couvrir\u00a0<strong><span class=\"wixui-rich-text__text\">comment mieux vous adapter \u00e0 ce que vous souhaitez vivre<\/span><\/strong>. \u200b<\/p><p class=\"font_7 wixui-rich-text__text\">Durant une consultation, nous ne cherchons pas \u00e0 r\u00e9soudre les conflits ou probl\u00e8mes du patient, mais simplement \u00e0\u00a0<strong><span class=\"wixui-rich-text__text\">mettre en lumi\u00e8re les diff\u00e9rents domaines o\u00f9 de nouveaux acquis sont n\u00e9cessaires<\/span><\/strong>, afin de lui\u00a0<strong><span class=\"wixui-rich-text__text\">permettre de s&rsquo;adapter et de progresser<\/span><\/strong>.<\/p>\t\t\t\t\t\t\t\t<\/div>\n\t\t\t\t<div class=\"elementor-element elementor-element-6c85119 elementor-invisible elementor-widget elementor-widget-button\" data-id=\"6c85119\" data-element_type=\"widget\" data-e-type=\"widget\" data-settings=\"{&quot;_animation&quot;:&quot;fadeInDown&quot;}\" data-widget_type=\"button.default\">\n\t\t\t\t\t\t\t\t\t\t<a class=\"elementor-button elementor-button-link elementor-size-sm\" href=\"https:\/\/thekhip.com\/?page_id=318\">\n\t\t\t\t\t\t<span class=\"elementor-button-content-wrapper\">\n\t\t\t\t\t\t\t\t\t<span class=\"elementor-button-text\">\u00c0 propos des consultations priv\u00e9es<\/span>\n\t\t\t\t\t<\/span>\n\t\t\t\t\t<\/a>\n\t\t\t\t\t\t\t\t<\/div>\n\t\t\t\t<\/div>\n\t\t\t\t<\/div>\n\t\t<div class=\"elementor-element elementor-element-e31965d e-con-full e-flex e-con e-child\" data-id=\"e31965d\" data-element_type=\"container\" data-e-type=\"container\">\n\t\t<div class=\"elementor-element elementor-element-135fcc7 e-con-full e-flex e-con e-child\" data-id=\"135fcc7\" data-element_type=\"container\" data-e-type=\"container\" data-settings=\"{&quot;background_background&quot;:&quot;classic&quot;}\">\n\t\t\t\t<\/div>\n\t\t\t\t<\/div>\n\t\t\t\t<\/div>\n\t\t","protected":false},"excerpt":{"rendered":"<p>Apprentissages &amp; Autonomies de Savoir-Faire Relationnels Accompagnement en savoir-faire comportemental S\u00e9minaires et consultations pour apprendre des comportements adapt\u00e9s \u00e0 votre quotidien KHIP repose sur une vision : celle d\u2019un \u00e9quilibre entre ce qui est inn\u00e9 (naturel) en nous et les savoir-faire n\u00e9cessaires pour vivre harmonieusement notre \u00e9poque. Nous croyons que chaque difficult\u00e9 rencontr\u00e9e au quotidien [&hellip;]<\/p>\n","protected":false},"author":1,"featured_media":360,"parent":0,"menu_order":0,"comment_status":"closed","ping_status":"closed","template":"elementor_header_footer","meta":{"footnotes":""},"class_list":["post-348","page","type-page","status-publish","has-post-thumbnail","hentry"],"_links":{"self":[{"href":"https:\/\/thekhip.com\/index.php?rest_route=\/wp\/v2\/pages\/348","targetHints":{"allow":["GET"]}}],"collection":[{"href":"https:\/\/thekhip.com\/index.php?rest_route=\/wp\/v2\/pages"}],"about":[{"href":"https:\/\/thekhip.com\/index.php?rest_route=\/wp\/v2\/types\/page"}],"author":[{"embeddable":true,"href":"https:\/\/thekhip.com\/index.php?rest_route=\/wp\/v2\/users\/1"}],"replies":[{"embeddable":true,"href":"https:\/\/thekhip.com\/index.php?rest_route=%2Fwp%2Fv2%2Fcomments&post=348"}],"version-history":[{"count":34,"href":"https:\/\/thekhip.com\/index.php?rest_route=\/wp\/v2\/pages\/348\/revisions"}],"predecessor-version":[{"id":583,"href":"https:\/\/thekhip.com\/index.php?rest_route=\/wp\/v2\/pages\/348\/revisions\/583"}],"wp:featuredmedia":[{"embeddable":true,"href":"https:\/\/thekhip.com\/index.php?rest_route=\/wp\/v2\/media\/360"}],"wp:attachment":[{"href":"https:\/\/thekhip.com\/index.php?rest_route=%2Fwp%2Fv2%2Fmedia&parent=348"}],"curies":[{"name":"wp","href":"https:\/\/api.w.org\/{rel}","templated":true}]}}