{"id":436,"date":"2026-02-25T18:06:50","date_gmt":"2026-02-25T17:06:50","guid":{"rendered":"https:\/\/cool-khayyam.scw.site\/?page_id=436"},"modified":"2026-03-09T17:12:50","modified_gmt":"2026-03-09T16:12:50","slug":"seminaires","status":"publish","type":"page","link":"https:\/\/thekhip.com\/?page_id=436","title":{"rendered":"S\u00e9minaires"},"content":{"rendered":"\t\t<div data-elementor-type=\"wp-page\" data-elementor-id=\"436\" class=\"elementor elementor-436\">\n\t\t\t\t<div class=\"elementor-element elementor-element-02e0894 e-con-full e-flex e-con e-parent\" data-id=\"02e0894\" data-element_type=\"container\" data-e-type=\"container\">\n\t\t<div class=\"elementor-element elementor-element-6ef27bc e-con-full e-flex e-con e-child\" data-id=\"6ef27bc\" data-element_type=\"container\" data-e-type=\"container\">\n\t\t<div class=\"elementor-element elementor-element-0eb166b e-con-full e-flex e-con e-child\" data-id=\"0eb166b\" data-element_type=\"container\" data-e-type=\"container\" data-settings=\"{&quot;background_background&quot;:&quot;classic&quot;}\">\n\t\t\t\t<\/div>\n\t\t<div class=\"elementor-element elementor-element-d469a05 e-con-full e-flex e-con e-child\" data-id=\"d469a05\" data-element_type=\"container\" data-e-type=\"container\" data-settings=\"{&quot;background_background&quot;:&quot;classic&quot;}\">\n\t\t<div class=\"elementor-element elementor-element-a1bd07f e-con-full e-flex e-con e-child\" data-id=\"a1bd07f\" data-element_type=\"container\" data-e-type=\"container\" data-settings=\"{&quot;background_background&quot;:&quot;classic&quot;}\">\n\t\t<div class=\"elementor-element elementor-element-ced73e6 e-con-full e-flex e-con e-child\" data-id=\"ced73e6\" data-element_type=\"container\" data-e-type=\"container\" data-settings=\"{&quot;background_background&quot;:&quot;classic&quot;}\">\n\t\t\t\t<\/div>\n\t\t<div class=\"elementor-element elementor-element-87e12ad e-con-full e-flex e-con e-child\" data-id=\"87e12ad\" data-element_type=\"container\" data-e-type=\"container\">\n\t\t\t\t<div class=\"elementor-element elementor-element-1d7861b elementor-widget elementor-widget-heading\" data-id=\"1d7861b\" data-element_type=\"widget\" data-e-type=\"widget\" data-widget_type=\"heading.default\">\n\t\t\t\t\t<h1 class=\"elementor-heading-title elementor-size-default\">S\u00e9minaires priv\u00e9s<\/h1>\t\t\t\t<\/div>\n\t\t\t\t<div class=\"elementor-element elementor-element-77757c8 elementor-widget elementor-widget-heading\" data-id=\"77757c8\" data-element_type=\"widget\" data-e-type=\"widget\" data-widget_type=\"heading.default\">\n\t\t\t\t\t<h2 class=\"elementor-heading-title elementor-size-default\">Objectif des s\u00e9minaires<\/h2>\t\t\t\t<\/div>\n\t\t\t\t<div class=\"elementor-element elementor-element-aa0f346 elementor-widget elementor-widget-text-editor\" data-id=\"aa0f346\" data-element_type=\"widget\" data-e-type=\"widget\" data-widget_type=\"text-editor.default\">\n\t\t\t\t\t\t\t\t\t<p class=\"font_7 wixui-rich-text__text\"><span class=\"wixui-rich-text__text\">Nous souhaitons transmettre des savoir-faire et des connaissances sur les agissements individuels et l\u2019expression des comportements relationnels.<\/span><\/p><p class=\"font_7 wixui-rich-text__text\"><span class=\"wixui-rich-text__text\">\u200b<\/span><span class=\"wixui-rich-text__text\">Les comp\u00e9tences acquises durant ces stages permettent de mieux appr\u00e9hender les\u00a0<\/span><span class=\"wixui-rich-text__text\">situations auxquelles les individus (<strong>hommes, femmes ou enfants<\/strong>) sont\u00a0<\/span><span class=\"wixui-rich-text__text\">susceptibles d\u2019\u00eatre confront\u00e9es durant leur vie. \u00ab\u00a0<strong>Apprendre \u00e0 harmoniser notre relation \u00e0 nous-m\u00eames, aux autres et \u00e0 notre environnement, afin d\u2019\u00eatre mieux adapt\u00e9s \u00e0 notre vie.<\/strong>\u00ab\u00a0<\/span><\/p>\t\t\t\t\t\t\t\t<\/div>\n\t\t\t\t<div class=\"elementor-element elementor-element-9d1a506 elementor-widget elementor-widget-heading\" data-id=\"9d1a506\" data-element_type=\"widget\" data-e-type=\"widget\" data-widget_type=\"heading.default\">\n\t\t\t\t\t<h2 class=\"elementor-heading-title elementor-size-default\">Notre vision globale<\/h2>\t\t\t\t<\/div>\n\t\t\t\t<div class=\"elementor-element elementor-element-5fa3765 elementor-widget elementor-widget-text-editor\" data-id=\"5fa3765\" data-element_type=\"widget\" data-e-type=\"widget\" data-widget_type=\"text-editor.default\">\n\t\t\t\t\t\t\t\t\t<p class=\"font_7 wixui-rich-text__text\"><span class=\"wixui-rich-text__text\">Tout au long de son histoire, l\u2019Homme a toujours su s\u2019adapter. Chaque \u00e9poque est porteuse de d\u00e9fis, d\u2019opportunit\u00e9s et de contraintes. Aujourd\u2019hui, nous faisons face \u00e0 des avanc\u00e9es technologiques, \u00e0 une diversit\u00e9 d\u2019informations, \u00e0 une rapidit\u00e9 de changements soci\u00e9taux et \u00e0 un besoin de confort croissant, tout en devant r\u00e9aliser des accomplissements, tant individuels que collectifs.<\/span><\/p><p class=\"font_7 wixui-rich-text__text\"><span class=\"wixui-rich-text__text\">D\u00e8s lors, certaines questions se posent :<\/span><\/p><p class=\"font_7 wixui-rich-text__text\"><strong><span class=\"wixui-rich-text__text\">Sommes-nous adapt\u00e9s au monde d\u2019aujourd\u2019hui ?<\/span><\/strong><\/p><p class=\"font_7 wixui-rich-text__text\"><strong><span class=\"wixui-rich-text__text\">Parvenons-nous \u00e0 nous conformer (ou harmoniser) aux changements soudains de la soci\u00e9t\u00e9\u00a0<\/span><span class=\"wixui-rich-text__text\">actuelle ?<\/span><\/strong><\/p><p class=\"font_7 wixui-rich-text__text\"><span class=\"wixui-rich-text__text\">Constatant que la majorit\u00e9 des individus restent conditionn\u00e9s par leurs h\u00e9ritages (<strong>biologique, culturel, familial\u2026<\/strong>) ainsi que leur v\u00e9cu, malgr\u00e9 des aspirations d\u2019\u00e9panouissement et de qualit\u00e9 de vie, nous avons observ\u00e9 par ailleurs que certaines personnes finissent par ne plus \u00ab \u00e9couter \u00bb leurs v\u00e9ritables envies, besoins, d\u00e9sirs, voire m\u00eame \u00e0 y renoncer totalement.<\/span><\/p><p class=\"font_7 wixui-rich-text__text\"><span class=\"wixui-rich-text__text\">En r\u00e9ponse \u00e0 cela, notre approche consiste \u00e0 rester au plus proche de l\u2019essentiel,\u00a0<strong>inn\u00e9 en chacun de nous<\/strong>, tout en nous conformant aux exigences de notre \u00e9poque, gr\u00e2ce \u00e0 des outils d\u2019apprentissage modernes. Il s\u2019agit de trouver un \u00e9quilibre entre\u00a0naturel\u00a0et\u00a0<strong>nouveaux savoir-faire<\/strong>\u00a0pour construire un quotidien harmonieux.<\/span><\/p>\t\t\t\t\t\t\t\t<\/div>\n\t\t\t\t<div class=\"elementor-element elementor-element-1feb379 elementor-widget elementor-widget-heading\" data-id=\"1feb379\" data-element_type=\"widget\" data-e-type=\"widget\" data-widget_type=\"heading.default\">\n\t\t\t\t\t<h2 class=\"elementor-heading-title elementor-size-default\">Ce que nous d\u00e9sirons transmettre<\/h2>\t\t\t\t<\/div>\n\t\t\t\t<div class=\"elementor-element elementor-element-9ef7dc2 elementor-widget elementor-widget-text-editor\" data-id=\"9ef7dc2\" data-element_type=\"widget\" data-e-type=\"widget\" data-widget_type=\"text-editor.default\">\n\t\t\t\t\t\t\t\t\t<p class=\"font_7 wixui-rich-text__text\"><span class=\"wixui-rich-text__text\">Des outils sp\u00e9cifiques permettant \u00e0 tous d\u2019acqu\u00e9rir une\u00a0<strong>autonomie de savoir-faire <\/strong><\/span><span class=\"wixui-rich-text__text\"><strong>relationnel<\/strong>, de\u00a0<strong>mieux se conna\u00eetre<\/strong>\u00a0et de\u00a0<strong>s\u2019adapter \u00e0 de nombreuses situations de la vie <\/strong><\/span><strong><span class=\"wixui-rich-text__text\">courante<\/span><span class=\"wixui-rich-text__text\">.<\/span><\/strong><\/p>\t\t\t\t\t\t\t\t<\/div>\n\t\t\t\t<div class=\"elementor-element elementor-element-2c31912 elementor-widget elementor-widget-heading\" data-id=\"2c31912\" data-element_type=\"widget\" data-e-type=\"widget\" data-widget_type=\"heading.default\">\n\t\t\t\t\t<h2 class=\"elementor-heading-title elementor-size-default\">L'approche KHIP<\/h2>\t\t\t\t<\/div>\n\t\t\t\t<div class=\"elementor-element elementor-element-3ffad7e elementor-widget elementor-widget-text-editor\" data-id=\"3ffad7e\" data-element_type=\"widget\" data-e-type=\"widget\" data-widget_type=\"text-editor.default\">\n\t\t\t\t\t\t\t\t\t<p class=\"font_7 wixui-rich-text__text\"><span class=\"wixui-rich-text__text\">\u00c0 travers des apprentissages, nous proposons, lors de\u00a0<strong>stages priv\u00e9s en pr\u00e9sentiel<\/strong>, une <strong>approche m\u00e9thodologique<\/strong>\u00a0qui favorise l\u2019autonomie et le d\u00e9veloppement de <strong>comp\u00e9tences relationnelles<\/strong>, essentielles pour mieux vivre en harmonie avec son environnement.<\/span><\/p><p class=\"font_7 wixui-rich-text__text\"><span class=\"wixui-rich-text__text\">En vous engageant dans cette exploration, vous d\u00e9couvrirez \u00e9galement la fa\u00e7on dont nous utilisons nos potentiels et comment\u00a0<strong>s\u2019\u00e9panouir dans diff\u00e9rents domaines (professionnel, parentalit\u00e9, couple, sexualit\u00e9\u2026)<\/strong>.<\/span><\/p><p class=\"font_7 wixui-rich-text__text\"><span class=\"wixui-rich-text__text\">Nous visiterons ensemble l\u2019<strong>axe central du relationnel<\/strong>\u00a0qui est \u201c<strong>la\u00a0relation \u00e0<\/strong>\u201d, sous trois angles<\/span><span class=\"wixui-rich-text__text\">:<\/span><\/p><ul><li class=\"font_7 wixui-rich-text__text\"><span class=\"wixui-rich-text__text\">La relation \u00e0 soi,<\/span><\/li><li class=\"font_7 wixui-rich-text__text\"><span class=\"wixui-rich-text__text\">aux autres<\/span><\/li><li class=\"font_7 wixui-rich-text__text\"><span class=\"wixui-rich-text__text\">\u00e0 la soci\u00e9t\u00e9.<\/span><\/li><\/ul><p>Au sein de ces stages, nous vous proposons \u00e9galement l\u2019acquisition d\u2019une <strong>bo\u00eete \u00e0 <\/strong><span class=\"wixui-rich-text__text\"><strong>outils relationnelle<\/strong> qui repose sur des principes universels. Celle-ci comprend des\u00a0<\/span><span class=\"wixui-rich-text__text\"><strong>concepts cl\u00e9s<\/strong> de langage, de communication, d\u2019intelligence \u00e9motionnelle ainsi que\u00a0<\/span><span class=\"wixui-rich-text__text\"><strong>des\u00a0d\u00e9finitions simples et communes<\/strong>, comme : qu\u2019est-ce qu\u2019une \u00e9motion, une <\/span><span class=\"wixui-rich-text__text\">croyance, une habitude, une pens\u00e9e ? <\/span><\/p><p><span class=\"wixui-rich-text__text\">Au fil des diff\u00e9rents stages, cette bo\u00eete \u00e0 outils s\u2019\u00e9toffera, suivant vos int\u00e9r\u00eats et vos besoins.<\/span><\/p>\t\t\t\t\t\t\t\t<\/div>\n\t\t\t\t<div class=\"elementor-element elementor-element-9bd91bd elementor-widget elementor-widget-heading\" data-id=\"9bd91bd\" data-element_type=\"widget\" data-e-type=\"widget\" data-widget_type=\"heading.default\">\n\t\t\t\t\t<h2 class=\"elementor-heading-title elementor-size-default\">\u00c0 qui s'adressent nos s\u00e9minaires et pourquoi y participer?<\/h2>\t\t\t\t<\/div>\n\t\t\t\t<div class=\"elementor-element elementor-element-0089f45 elementor-widget elementor-widget-text-editor\" data-id=\"0089f45\" data-element_type=\"widget\" data-e-type=\"widget\" data-widget_type=\"text-editor.default\">\n\t\t\t\t\t\t\t\t\t<p class=\"font_7 wixui-rich-text__text\"><span class=\"wixui-rich-text__text\">Ces\u00a0<strong>stages priv\u00e9s<\/strong>\u00a0s\u2019adressent \u00e0 toutes celles et ceux qui souhaitent sortir de la simple compr\u00e9hension des raisons de leurs difficult\u00e9s pour passer \u00e0 l\u2019action et y rem\u00e9dier. L\u2019id\u00e9e consiste \u00e0 ne plus simplement questionner le \u00ab\u00a0<strong>pourquoi<\/strong>\u00a0\u00bb, mais \u00e0 s\u2019engager dans le\u00a0<\/span><span class=\"wixui-rich-text__text\">\u00ab\u00a0<strong>comment<\/strong>\u00a0\u00bb.<\/span><\/p><p class=\"font_7 wixui-rich-text__text\"><span class=\"wixui-rich-text__text\">Les diff\u00e9rents stages propos\u00e9s permettent \u00e0 chacun de prendre conscience de\u00a0<strong>savoir-faire relationnels essentiels<\/strong>, n\u00e9cessaires et en lien avec ce que vous d\u00e9sirez vivre.<\/span><\/p><p class=\"font_7 wixui-rich-text__text\"><span class=\"wixui-rich-text__text\">Peu importe la forme de ce que vous exp\u00e9rimentez, nous proposons une\u00a0<strong>mise en lumi\u00e8re\u00a0<\/strong><\/span><span class=\"wixui-rich-text__text\"><strong>des m\u00e9canismes sous-jacents<\/strong>\u00a0\u00e0 l\u2019origine de certains de vos fonctionnements.\u00a0<\/span><\/p>\t\t\t\t\t\t\t\t<\/div>\n\t\t\t\t<\/div>\n\t\t\t\t<\/div>\n\t\t\t\t<\/div>\n\t\t\t\t<\/div>\n\t\t\t\t<\/div>\n\t\t<div class=\"elementor-element elementor-element-ad00bac e-flex e-con-boxed e-con e-parent\" data-id=\"ad00bac\" data-element_type=\"container\" data-e-type=\"container\">\n\t\t\t\t\t<div class=\"e-con-inner\">\n\t\t<div class=\"elementor-element elementor-element-27de7de e-flex e-con-boxed e-con e-child\" data-id=\"27de7de\" data-element_type=\"container\" data-e-type=\"container\" data-settings=\"{&quot;background_background&quot;:&quot;classic&quot;}\">\n\t\t\t\t\t<div class=\"e-con-inner\">\n\t\t<div class=\"elementor-element elementor-element-77cc387 e-con-full e-flex e-con e-child\" data-id=\"77cc387\" data-element_type=\"container\" data-e-type=\"container\">\n\t\t\t\t<div class=\"elementor-element elementor-element-7679620 elementor-widget elementor-widget-heading\" data-id=\"7679620\" data-element_type=\"widget\" data-e-type=\"widget\" data-widget_type=\"heading.default\">\n\t\t\t\t\t<h2 class=\"elementor-heading-title elementor-size-default\">Participation au stage<\/h2>\t\t\t\t<\/div>\n\t\t\t\t<\/div>\n\t\t<div class=\"elementor-element elementor-element-8dacb00 e-con-full e-flex e-con e-child\" data-id=\"8dacb00\" data-element_type=\"container\" data-e-type=\"container\">\n\t\t\t\t<div class=\"elementor-element elementor-element-e53b42a elementor-widget elementor-widget-text-editor\" data-id=\"e53b42a\" data-element_type=\"widget\" data-e-type=\"widget\" data-widget_type=\"text-editor.default\">\n\t\t\t\t\t\t\t\t\t<div id=\"comp-m7nli8r73\" class=\"ku3DBC zQ9jDz qvSjx3 Vq6kJx comp-m7nli8r73 wixui-rich-text\" data-testid=\"richTextElement\"><p class=\"font_8 wixui-rich-text__text\">Pour conna\u00eetre les prochaines dates de stages et vous inscrire, aller \u00e0 la page r\u00e9servation.<\/p><\/div>\t\t\t\t\t\t\t\t<\/div>\n\t\t\t\t<div class=\"elementor-element elementor-element-50a1f02 elementor-align-left elementor-invisible elementor-widget elementor-widget-button\" data-id=\"50a1f02\" data-element_type=\"widget\" data-e-type=\"widget\" data-settings=\"{&quot;_animation&quot;:&quot;fadeInDown&quot;}\" data-widget_type=\"button.default\">\n\t\t\t\t\t\t\t\t\t\t<a class=\"elementor-button elementor-button-link elementor-size-sm elementor-animation-sink\" href=\"https:\/\/thekhip.com\/?page_id=501\">\n\t\t\t\t\t\t<span class=\"elementor-button-content-wrapper\">\n\t\t\t\t\t\t\t\t\t<span class=\"elementor-button-text\">R\u00e9server un stage<\/span>\n\t\t\t\t\t<\/span>\n\t\t\t\t\t<\/a>\n\t\t\t\t\t\t\t\t<\/div>\n\t\t\t\t<\/div>\n\t\t\t\t\t<\/div>\n\t\t\t\t<\/div>\n\t\t\t\t\t<\/div>\n\t\t\t\t<\/div>\n\t\t\t\t<\/div>\n\t\t","protected":false},"excerpt":{"rendered":"<p>S\u00e9minaires priv\u00e9s Objectif des s\u00e9minaires Nous souhaitons transmettre des savoir-faire et des connaissances sur les agissements individuels et l\u2019expression des comportements relationnels. \u200bLes comp\u00e9tences acquises durant ces stages permettent de mieux appr\u00e9hender les\u00a0situations auxquelles les individus (hommes, femmes ou enfants) sont\u00a0susceptibles d\u2019\u00eatre confront\u00e9es durant leur vie. \u00ab\u00a0Apprendre \u00e0 harmoniser notre relation \u00e0 nous-m\u00eames, aux autres [&hellip;]<\/p>\n","protected":false},"author":1,"featured_media":0,"parent":0,"menu_order":0,"comment_status":"closed","ping_status":"closed","template":"elementor_header_footer","meta":{"footnotes":""},"class_list":["post-436","page","type-page","status-publish","hentry"],"_links":{"self":[{"href":"https:\/\/thekhip.com\/index.php?rest_route=\/wp\/v2\/pages\/436","targetHints":{"allow":["GET"]}}],"collection":[{"href":"https:\/\/thekhip.com\/index.php?rest_route=\/wp\/v2\/pages"}],"about":[{"href":"https:\/\/thekhip.com\/index.php?rest_route=\/wp\/v2\/types\/page"}],"author":[{"embeddable":true,"href":"https:\/\/thekhip.com\/index.php?rest_route=\/wp\/v2\/users\/1"}],"replies":[{"embeddable":true,"href":"https:\/\/thekhip.com\/index.php?rest_route=%2Fwp%2Fv2%2Fcomments&post=436"}],"version-history":[{"count":52,"href":"https:\/\/thekhip.com\/index.php?rest_route=\/wp\/v2\/pages\/436\/revisions"}],"predecessor-version":[{"id":638,"href":"https:\/\/thekhip.com\/index.php?rest_route=\/wp\/v2\/pages\/436\/revisions\/638"}],"wp:attachment":[{"href":"https:\/\/thekhip.com\/index.php?rest_route=%2Fwp%2Fv2%2Fmedia&parent=436"}],"curies":[{"name":"wp","href":"https:\/\/api.w.org\/{rel}","templated":true}]}}