{"id":473,"date":"2026-02-26T18:50:01","date_gmt":"2026-02-26T17:50:01","guid":{"rendered":"https:\/\/cool-khayyam.scw.site\/?page_id=473"},"modified":"2026-03-09T17:19:30","modified_gmt":"2026-03-09T16:19:30","slug":"a-propos","status":"publish","type":"page","link":"https:\/\/thekhip.com\/?page_id=473","title":{"rendered":"\u00c0 propos"},"content":{"rendered":"\t\t<div data-elementor-type=\"wp-page\" data-elementor-id=\"473\" class=\"elementor elementor-473\">\n\t\t\t\t<div class=\"elementor-element elementor-element-2bee180 e-con-full e-flex e-con e-parent\" data-id=\"2bee180\" data-element_type=\"container\" data-e-type=\"container\">\n\t\t<div class=\"elementor-element elementor-element-d96e16f e-con-full e-flex e-con e-child\" data-id=\"d96e16f\" data-element_type=\"container\" data-e-type=\"container\">\n\t\t<div class=\"elementor-element elementor-element-2528ace e-con-full e-flex e-con e-child\" data-id=\"2528ace\" data-element_type=\"container\" data-e-type=\"container\" data-settings=\"{&quot;background_background&quot;:&quot;classic&quot;}\">\n\t\t\t\t<\/div>\n\t\t<div class=\"elementor-element elementor-element-9caf9d9 e-con-full e-flex e-con e-child\" data-id=\"9caf9d9\" data-element_type=\"container\" data-e-type=\"container\" data-settings=\"{&quot;background_background&quot;:&quot;classic&quot;}\">\n\t\t\t\t<div class=\"elementor-element elementor-element-e3645d9 elementor-widget elementor-widget-heading\" data-id=\"e3645d9\" data-element_type=\"widget\" data-e-type=\"widget\" data-widget_type=\"heading.default\">\n\t\t\t\t\t<div class=\"elementor-heading-title elementor-size-default\">Apprentissages &amp; Autonomies de Savoir-Faire Relationnels<\/div>\t\t\t\t<\/div>\n\t\t\t\t<\/div>\n\t\t\t\t<\/div>\n\t\t<div class=\"elementor-element elementor-element-cd1502c e-flex e-con-boxed e-con e-child\" data-id=\"cd1502c\" data-element_type=\"container\" data-e-type=\"container\" data-settings=\"{&quot;background_background&quot;:&quot;classic&quot;}\">\n\t\t\t\t\t<div class=\"e-con-inner\">\n\t\t\t\t<div class=\"elementor-element elementor-element-4c76302 elementor-widget elementor-widget-heading\" data-id=\"4c76302\" data-element_type=\"widget\" data-e-type=\"widget\" data-widget_type=\"heading.default\">\n\t\t\t\t\t<h1 class=\"elementor-heading-title elementor-size-default\">\u00c0 propos<\/h1>\t\t\t\t<\/div>\n\t\t\t\t<div class=\"elementor-element elementor-element-9824d16 elementor-widget elementor-widget-text-editor\" data-id=\"9824d16\" data-element_type=\"widget\" data-e-type=\"widget\" data-widget_type=\"text-editor.default\">\n\t\t\t\t\t\t\t\t\t<p class=\"font_7\"><strong>Le projet KHIP (Know How Insight and Progress)<\/strong> est n\u00e9 de la collaboration entre J\u00e9r\u00e9mie Bonjour et Mathias Monarque, port\u00e9s par l&rsquo;envie profonde d&rsquo;aider chacun \u00e0 d\u00e9couvrir en lui les ressources n\u00e9cessaires pour s&rsquo;adapter et cr\u00e9er une vie en lien avec ses aspirations.<\/p><p class=\"font_7\">Nos parcours respectifs nous ont permis de d\u00e9velopper un savoir-faire concret, n\u00e9 de l\u2019exp\u00e9rience v\u00e9cue et enrichi par notre curiosit\u00e9 et notre d\u00e9sir constant d\u2019apprendre. En unissant ces apprentissages, nous accompagnons ceux qui souhaitent aller vers un mieux-\u00eatre, avec une approche ancr\u00e9e dans le concret et tourn\u00e9e vers la transmission.<\/p>\t\t\t\t\t\t\t\t<\/div>\n\t\t\t\t\t<\/div>\n\t\t\t\t<\/div>\n\t\t\t\t<\/div>\n\t\t<div class=\"elementor-element elementor-element-52c0a5e e-con-full e-flex e-con e-parent\" data-id=\"52c0a5e\" data-element_type=\"container\" data-e-type=\"container\">\n\t\t<div class=\"elementor-element elementor-element-17189f3 e-con-full e-flex e-con e-child\" data-id=\"17189f3\" data-element_type=\"container\" data-e-type=\"container\">\n\t\t<div class=\"elementor-element elementor-element-508bd16 e-con-full e-flex e-con e-child\" data-id=\"508bd16\" data-element_type=\"container\" data-e-type=\"container\">\n\t\t<div class=\"elementor-element elementor-element-16fe4e8 e-con-full e-flex e-con e-child\" data-id=\"16fe4e8\" data-element_type=\"container\" data-e-type=\"container\" data-settings=\"{&quot;background_background&quot;:&quot;classic&quot;}\">\n\t\t<div class=\"elementor-element elementor-element-b4a2115 e-con-full e-flex e-con e-child\" data-id=\"b4a2115\" data-element_type=\"container\" data-e-type=\"container\" data-settings=\"{&quot;background_background&quot;:&quot;classic&quot;}\">\n\t\t<div class=\"elementor-element elementor-element-795f5e3 e-con-full e-flex e-con e-child\" data-id=\"795f5e3\" data-element_type=\"container\" data-e-type=\"container\" data-settings=\"{&quot;background_background&quot;:&quot;classic&quot;}\">\n\t\t\t\t<\/div>\n\t\t<div class=\"elementor-element elementor-element-9862259 e-con-full e-flex e-con e-child\" data-id=\"9862259\" data-element_type=\"container\" data-e-type=\"container\">\n\t\t\t\t<div class=\"elementor-element elementor-element-d4091c4 elementor-widget elementor-widget-heading\" data-id=\"d4091c4\" data-element_type=\"widget\" data-e-type=\"widget\" data-widget_type=\"heading.default\">\n\t\t\t\t\t<h2 class=\"elementor-heading-title elementor-size-default\">J\u00e9r\u00e9mie Bonjour<\/h2>\t\t\t\t<\/div>\n\t\t\t\t<div class=\"elementor-element elementor-element-e9aba8d elementor-widget elementor-widget-heading\" data-id=\"e9aba8d\" data-element_type=\"widget\" data-e-type=\"widget\" data-widget_type=\"heading.default\">\n\t\t\t\t\t<h3 class=\"elementor-heading-title elementor-size-default\">Une enfance motiv\u00e9e par le d\u00e9passement<\/h3>\t\t\t\t<\/div>\n\t\t\t\t<div class=\"elementor-element elementor-element-13a3d99 elementor-widget elementor-widget-text-editor\" data-id=\"13a3d99\" data-element_type=\"widget\" data-e-type=\"widget\" data-widget_type=\"text-editor.default\">\n\t\t\t\t\t\t\t\t\t<p class=\"font_7\">N\u00e9 dans une cellule familiale dysfonctionnelle, avec peu de rep\u00e8res et d&rsquo;exemples inspirants, j&rsquo;ai tr\u00e8s vite saisi qu&rsquo;il me faudrait apprendre \u00e0 me d\u00e9brouiller. Pour y parvenir, mon instinct m\u2019a pouss\u00e9 \u00e0 suivre ma curiosit\u00e9 et ce qui me procurait de la joie.<\/p><p class=\"font_7\">L\u00e0 o\u00f9 d\u2019autres s\u2019interrogent sur les b\u00e9n\u00e9fices mat\u00e9riels ou le statut qu\u2019ils peuvent tirer de leurs actions, j&rsquo;ai choisi spontan\u00e9ment ce qui faisait briller mes yeux et nourrissait ma flamme int\u00e9rieure. Le r\u00e9sultat m\u2019importait peu : ce processus me rendait profond\u00e9ment heureux et m\u2019inspirait une grande motivation. Rapidement, je me suis aper\u00e7u que cette approche r\u00e9v\u00e9lait mes talents. Avec le recul, il est \u00e9vident que l\u2019enthousiasme et l\u2019\u00e9panouissement favorisent naturellement la r\u00e9ussite.\u200b<\/p>\t\t\t\t\t\t\t\t<\/div>\n\t\t\t\t<div class=\"elementor-element elementor-element-f9ec86a elementor-widget elementor-widget-heading\" data-id=\"f9ec86a\" data-element_type=\"widget\" data-e-type=\"widget\" data-widget_type=\"heading.default\">\n\t\t\t\t\t<h3 class=\"elementor-heading-title elementor-size-default\">L'\u00e9panouissement par la passion<\/h3>\t\t\t\t<\/div>\n\t\t\t\t<div class=\"elementor-element elementor-element-40e7c33 elementor-widget elementor-widget-text-editor\" data-id=\"40e7c33\" data-element_type=\"widget\" data-e-type=\"widget\" data-widget_type=\"text-editor.default\">\n\t\t\t\t\t\t\t\t\t<p class=\"font_7\">\u200b\u200bC\u2019est ainsi que je me suis passionn\u00e9 tr\u00e8s jeune pour la capoeira et la musique. Entre quinze et vingt et un ans, j\u2019ai v\u00e9cu deux ans au Br\u00e9sil, suis devenu professeur de capoeira et j\u2019ai compos\u00e9 un album de musique. \u00c0 vingt-cinq ans, j\u2019ouvrais mon \u00e9cole de capoeira, j\u2019enseignais la guitare, et je vivais pleinement de mes passions.Ce mode de vie \u00e9tait un bel accomplissement, et m\u2019a donn\u00e9 une grande confiance en ma capacit\u00e9 \u00e0 cr\u00e9er ce qui me pla\u00eet.<\/p>\t\t\t\t\t\t\t\t<\/div>\n\t\t\t\t<div class=\"elementor-element elementor-element-f120ad5 elementor-widget elementor-widget-heading\" data-id=\"f120ad5\" data-element_type=\"widget\" data-e-type=\"widget\" data-widget_type=\"heading.default\">\n\t\t\t\t\t<h2 class=\"elementor-heading-title elementor-size-default\">Le besoin d'approfondir mes fondations<\/h2>\t\t\t\t<\/div>\n\t\t\t\t<div class=\"elementor-element elementor-element-aef145f elementor-widget elementor-widget-text-editor\" data-id=\"aef145f\" data-element_type=\"widget\" data-e-type=\"widget\" data-widget_type=\"text-editor.default\">\n\t\t\t\t\t\t\t\t\t<p class=\"font_7 wixui-rich-text__text\">N\u00e9anmoins, malgr\u00e9 ces r\u00e9ussites, certaines bases sur lesquelles je m&rsquo;\u00e9tais construit \u00e9taient peu stables. Mes difficult\u00e9s relationnelles dans certains domaines limitaient mon \u00e9panouissement. J&rsquo;ai r\u00e9alis\u00e9 que pour construire quelque chose de durable, il me fallait approfondir mes fondations. Compenser ne pouvait plus suffire, je devais apprendre.<\/p>\t\t\t\t\t\t\t\t<\/div>\n\t\t\t\t<div class=\"elementor-element elementor-element-055e4ea elementor-widget elementor-widget-heading\" data-id=\"055e4ea\" data-element_type=\"widget\" data-e-type=\"widget\" data-widget_type=\"heading.default\">\n\t\t\t\t\t<h3 class=\"elementor-heading-title elementor-size-default\">Une d\u00e9cennie d\u2019exploration des sciences comportementales<\/h3>\t\t\t\t<\/div>\n\t\t\t\t<div class=\"elementor-element elementor-element-999dd36 elementor-widget elementor-widget-text-editor\" data-id=\"999dd36\" data-element_type=\"widget\" data-e-type=\"widget\" data-widget_type=\"text-editor.default\">\n\t\t\t\t\t\t\t\t\t<p class=\"font_7\">C\u2019est ainsi qu\u2019\u00e0 l&rsquo;\u00e2ge de vingt-huit ans, je me suis int\u00e9ress\u00e9 aux sciences comportementales. Pendant dix ans, j\u2019ai \u00e9tudi\u00e9 les m\u00e9canismes fondamentaux des \u00eatres vivants, en explorant comment nos comportements, nos \u00e9motions et nos relations interagissent.<\/p><p class=\"font_7\">Je cherchais \u00e0 identifier ce qui est commun et valable pour tout un chacun : trouver \u00ab\u00a0la r\u00e8gle du jeu\u00a0\u00bb implicite qui r\u00e9git nos vies.<\/p><p class=\"font_7\">Ces recherches m\u2019ont permis de grandir, de trouver une stabilit\u00e9 int\u00e9rieure et d&rsquo;enrichir mes relations avec les autres. J&rsquo;ai \u00e9galement d\u00e9couvert et assimil\u00e9 des outils simples, bas\u00e9s sur des m\u00e9canismes fondamentaux, applicables \u00e0 tous, quelle que soit notre exp\u00e9rience ou notre histoire singuli\u00e8re.\u200b\u200b\u200b<\/p>\t\t\t\t\t\t\t\t<\/div>\n\t\t\t\t<div class=\"elementor-element elementor-element-b579554 elementor-widget elementor-widget-heading\" data-id=\"b579554\" data-element_type=\"widget\" data-e-type=\"widget\" data-widget_type=\"heading.default\">\n\t\t\t\t\t<h3 class=\"elementor-heading-title elementor-size-default\">Un d\u00e9sir profond de partage<\/h3>\t\t\t\t<\/div>\n\t\t\t\t<div class=\"elementor-element elementor-element-e0a0c36 elementor-widget elementor-widget-text-editor\" data-id=\"e0a0c36\" data-element_type=\"widget\" data-e-type=\"widget\" data-widget_type=\"text-editor.default\">\n\t\t\t\t\t\t\t\t\t<p class=\"font_7 wixui-rich-text__text\">\u200b\u200b\u200bFort de cet entendement, et anim\u00e9 par ma joie, j\u2019\u00e9prouve aujourd&rsquo;hui le d\u00e9sir profond de partager ces savoir-faire avec ceux qui en ressentent le besoin.<br \/>Je souhaite transmettre ces principes de fa\u00e7on limpide et pragmatique, pour permettre \u00e0 chacun d\u2019avancer avec plus de s\u00e9r\u00e9nit\u00e9, d\u2019assurance et de facilit\u00e9.<\/p><p>J&rsquo;ai pour pour volont\u00e9 d\u2019accompagner ceux qui souhaitent mieux se conna\u00eetre, ajuster leurs modes de fonctionnement, et surtout devenir autonomes pour r\u00e9aliser leurs aspirations.<\/p>\t\t\t\t\t\t\t\t<\/div>\n\t\t\t\t<\/div>\n\t\t\t\t<\/div>\n\t\t\t\t<\/div>\n\t\t\t\t<\/div>\n\t\t\t\t<\/div>\n\t\t\t\t<\/div>\n\t\t<div class=\"elementor-element elementor-element-8c6607a e-flex e-con-boxed e-con e-parent\" data-id=\"8c6607a\" data-element_type=\"container\" data-e-type=\"container\">\n\t\t\t\t\t<div class=\"e-con-inner\">\n\t\t<div class=\"elementor-element elementor-element-65f6219 e-flex e-con-boxed e-con e-child\" data-id=\"65f6219\" data-element_type=\"container\" data-e-type=\"container\" data-settings=\"{&quot;background_background&quot;:&quot;classic&quot;}\">\n\t\t\t\t\t<div class=\"e-con-inner\">\n\t\t<div class=\"elementor-element elementor-element-097b856 e-con-full e-flex e-con e-child\" data-id=\"097b856\" data-element_type=\"container\" data-e-type=\"container\">\n\t\t\t\t<div class=\"elementor-element elementor-element-823183b elementor-widget elementor-widget-heading\" data-id=\"823183b\" data-element_type=\"widget\" data-e-type=\"widget\" data-widget_type=\"heading.default\">\n\t\t\t\t\t<h2 class=\"elementor-heading-title elementor-size-default\">Me rencontrer<\/h2>\t\t\t\t<\/div>\n\t\t\t\t<\/div>\n\t\t<div class=\"elementor-element elementor-element-27255e9 e-con-full e-flex e-con e-child\" data-id=\"27255e9\" data-element_type=\"container\" data-e-type=\"container\">\n\t\t\t\t<div class=\"elementor-element elementor-element-31f7585 elementor-widget elementor-widget-text-editor\" data-id=\"31f7585\" data-element_type=\"widget\" data-e-type=\"widget\" data-widget_type=\"text-editor.default\">\n\t\t\t\t\t\t\t\t\t<div id=\"comp-m7nli8r73\" class=\"ku3DBC zQ9jDz qvSjx3 Vq6kJx comp-m7nli8r73 wixui-rich-text\" data-testid=\"richTextElement\"><p class=\"font_8 wixui-rich-text__text\">Contactez moi pour toute information ou pour prendre rendez-vous avec l&rsquo;un d&rsquo;entre nous.<\/p><\/div>\t\t\t\t\t\t\t\t<\/div>\n\t\t\t\t<div class=\"elementor-element elementor-element-7cf4d06 elementor-align-left elementor-invisible elementor-widget elementor-widget-button\" data-id=\"7cf4d06\" data-element_type=\"widget\" data-e-type=\"widget\" data-settings=\"{&quot;_animation&quot;:&quot;fadeInDown&quot;}\" data-widget_type=\"button.default\">\n\t\t\t\t\t\t\t\t\t\t<a class=\"elementor-button elementor-button-link elementor-size-sm elementor-animation-sink\" href=\"https:\/\/thekhip.com\/?page_id=501\">\n\t\t\t\t\t\t<span class=\"elementor-button-content-wrapper\">\n\t\t\t\t\t\t\t\t\t<span class=\"elementor-button-text\">Me contacter<\/span>\n\t\t\t\t\t<\/span>\n\t\t\t\t\t<\/a>\n\t\t\t\t\t\t\t\t<\/div>\n\t\t\t\t<\/div>\n\t\t\t\t\t<\/div>\n\t\t\t\t<\/div>\n\t\t\t\t\t<\/div>\n\t\t\t\t<\/div>\n\t\t\t\t<\/div>\n\t\t","protected":false},"excerpt":{"rendered":"<p>Apprentissages &amp; Autonomies de Savoir-Faire Relationnels \u00c0 propos Le projet KHIP (Know How Insight and Progress) est n\u00e9 de la collaboration entre J\u00e9r\u00e9mie Bonjour et Mathias Monarque, port\u00e9s par l&rsquo;envie profonde d&rsquo;aider chacun \u00e0 d\u00e9couvrir en lui les ressources n\u00e9cessaires pour s&rsquo;adapter et cr\u00e9er une vie en lien avec ses aspirations. Nos parcours respectifs nous [&hellip;]<\/p>\n","protected":false},"author":1,"featured_media":0,"parent":0,"menu_order":0,"comment_status":"closed","ping_status":"closed","template":"","meta":{"footnotes":""},"class_list":["post-473","page","type-page","status-publish","hentry"],"_links":{"self":[{"href":"https:\/\/thekhip.com\/index.php?rest_route=\/wp\/v2\/pages\/473","targetHints":{"allow":["GET"]}}],"collection":[{"href":"https:\/\/thekhip.com\/index.php?rest_route=\/wp\/v2\/pages"}],"about":[{"href":"https:\/\/thekhip.com\/index.php?rest_route=\/wp\/v2\/types\/page"}],"author":[{"embeddable":true,"href":"https:\/\/thekhip.com\/index.php?rest_route=\/wp\/v2\/users\/1"}],"replies":[{"embeddable":true,"href":"https:\/\/thekhip.com\/index.php?rest_route=%2Fwp%2Fv2%2Fcomments&post=473"}],"version-history":[{"count":37,"href":"https:\/\/thekhip.com\/index.php?rest_route=\/wp\/v2\/pages\/473\/revisions"}],"predecessor-version":[{"id":647,"href":"https:\/\/thekhip.com\/index.php?rest_route=\/wp\/v2\/pages\/473\/revisions\/647"}],"wp:attachment":[{"href":"https:\/\/thekhip.com\/index.php?rest_route=%2Fwp%2Fv2%2Fmedia&parent=473"}],"curies":[{"name":"wp","href":"https:\/\/api.w.org\/{rel}","templated":true}]}}