{"id":487,"date":"2026-02-26T19:12:45","date_gmt":"2026-02-26T18:12:45","guid":{"rendered":"https:\/\/cool-khayyam.scw.site\/?page_id=487"},"modified":"2026-03-09T17:43:12","modified_gmt":"2026-03-09T16:43:12","slug":"reservation","status":"publish","type":"page","link":"https:\/\/thekhip.com\/?page_id=487","title":{"rendered":"R\u00e9servation"},"content":{"rendered":"\t\t<div data-elementor-type=\"wp-page\" data-elementor-id=\"487\" class=\"elementor elementor-487\">\n\t\t\t\t<div class=\"elementor-element elementor-element-2e69735 e-con-full e-flex e-con e-parent\" data-id=\"2e69735\" data-element_type=\"container\" data-e-type=\"container\" data-settings=\"{&quot;background_background&quot;:&quot;classic&quot;}\">\n\t\t<div class=\"elementor-element elementor-element-cb3d51c e-con-full e-flex e-con e-child\" data-id=\"cb3d51c\" data-element_type=\"container\" data-e-type=\"container\">\n\t\t<div class=\"elementor-element elementor-element-bee496c e-con-full e-flex e-con e-child\" data-id=\"bee496c\" data-element_type=\"container\" data-e-type=\"container\" data-settings=\"{&quot;background_background&quot;:&quot;classic&quot;}\">\n\t\t\t\t<\/div>\n\t\t<div class=\"elementor-element elementor-element-4b93d64 e-con-full e-flex e-con e-child\" data-id=\"4b93d64\" data-element_type=\"container\" data-e-type=\"container\" data-settings=\"{&quot;background_background&quot;:&quot;classic&quot;}\">\n\t\t\t\t<div class=\"elementor-element elementor-element-747aaf0 elementor-widget elementor-widget-heading\" data-id=\"747aaf0\" data-element_type=\"widget\" data-e-type=\"widget\" data-widget_type=\"heading.default\">\n\t\t\t\t\t<div class=\"elementor-heading-title elementor-size-default\">Apprentissages &amp; Autonomies de Savoir-Faire Relationnels<\/div>\t\t\t\t<\/div>\n\t\t\t\t<\/div>\n\t\t\t\t<\/div>\n\t\t<div class=\"elementor-element elementor-element-69dec08 e-flex e-con-boxed e-con e-child\" data-id=\"69dec08\" data-element_type=\"container\" data-e-type=\"container\" data-settings=\"{&quot;background_background&quot;:&quot;classic&quot;}\">\n\t\t\t\t\t<div class=\"e-con-inner\">\n\t\t\t\t<div class=\"elementor-element elementor-element-c3386b9 elementor-widget elementor-widget-heading\" data-id=\"c3386b9\" data-element_type=\"widget\" data-e-type=\"widget\" data-widget_type=\"heading.default\">\n\t\t\t\t\t<h1 class=\"elementor-heading-title elementor-size-default\">R\u00e9servation<\/h1>\t\t\t\t<\/div>\n\t\t\t\t<div class=\"elementor-element elementor-element-5aa1e1f elementor-widget elementor-widget-text-editor\" data-id=\"5aa1e1f\" data-element_type=\"widget\" data-e-type=\"widget\" data-widget_type=\"text-editor.default\">\n\t\t\t\t\t\t\t\t\t<p class=\"font_7\">Inscrivez vous aux stage ou r\u00e9servez votre consultation priv\u00e9e en ligne.<\/p>\t\t\t\t\t\t\t\t<\/div>\n\t\t\t\t\t<\/div>\n\t\t\t\t<\/div>\n\t\t\t\t<\/div>\n\t\t<div class=\"elementor-element elementor-element-debb326 e-flex e-con-boxed e-con e-parent\" data-id=\"debb326\" data-element_type=\"container\" data-e-type=\"container\">\n\t\t\t\t\t<div class=\"e-con-inner\">\n\t\t<div class=\"elementor-element elementor-element-13f4a66 e-con-full e-flex e-con e-child\" data-id=\"13f4a66\" data-element_type=\"container\" data-e-type=\"container\">\n\t\t<div class=\"elementor-element elementor-element-1fd1979 e-con-full e-flex e-con e-child\" data-id=\"1fd1979\" data-element_type=\"container\" data-e-type=\"container\">\n\t\t<div class=\"elementor-element elementor-element-c507566 e-con-full e-flex e-con e-child\" data-id=\"c507566\" data-element_type=\"container\" data-e-type=\"container\" data-settings=\"{&quot;background_background&quot;:&quot;classic&quot;}\">\n\t\t\t\t<\/div>\n\t\t<div class=\"elementor-element elementor-element-b317079 e-con-full e-flex e-con e-child\" data-id=\"b317079\" data-element_type=\"container\" data-e-type=\"container\">\n\t\t\t\t<div class=\"elementor-element elementor-element-fb3f174 elementor-widget elementor-widget-heading\" data-id=\"fb3f174\" data-element_type=\"widget\" data-e-type=\"widget\" data-widget_type=\"heading.default\">\n\t\t\t\t\t<h2 class=\"elementor-heading-title elementor-size-default\">S\u00e9minaire priv\u00e9<\/h2>\t\t\t\t<\/div>\n\t\t\t\t<div class=\"elementor-element elementor-element-06a7416 elementor-widget elementor-widget-text-editor\" data-id=\"06a7416\" data-element_type=\"widget\" data-e-type=\"widget\" data-widget_type=\"text-editor.default\">\n\t\t\t\t\t\t\t\t\t<p>400\u20ac<\/p>\t\t\t\t\t\t\t\t<\/div>\n\t\t\t\t<div class=\"elementor-element elementor-element-1d01a18 elementor-widget elementor-widget-text-editor\" data-id=\"1d01a18\" data-element_type=\"widget\" data-e-type=\"widget\" data-widget_type=\"text-editor.default\">\n\t\t\t\t\t\t\t\t\t<p>Paiement s\u00e9curis\u00e9 via Stripe<\/p>\t\t\t\t\t\t\t\t<\/div>\n\t\t\t\t<div class=\"elementor-element elementor-element-d4e0ee4 elementor-align-left elementor-invisible elementor-widget elementor-widget-button\" data-id=\"d4e0ee4\" data-element_type=\"widget\" data-e-type=\"widget\" data-settings=\"{&quot;_animation&quot;:&quot;fadeInDown&quot;}\" data-widget_type=\"button.default\">\n\t\t\t\t\t\t\t\t\t\t<a class=\"elementor-button elementor-button-link elementor-size-sm elementor-animation-sink\" href=\"https:\/\/buy.stripe.com\/4gw9Ep9oJ87i2Tm289\" target=\"_blank\">\n\t\t\t\t\t\t<span class=\"elementor-button-content-wrapper\">\n\t\t\t\t\t\t\t\t\t<span class=\"elementor-button-text\">R\u00e9server<\/span>\n\t\t\t\t\t<\/span>\n\t\t\t\t\t<\/a>\n\t\t\t\t\t\t\t\t<\/div>\n\t\t\t\t<\/div>\n\t\t<div class=\"elementor-element elementor-element-9d86429 e-con-full e-flex e-con e-child\" data-id=\"9d86429\" data-element_type=\"container\" data-e-type=\"container\">\n\t\t\t\t<div class=\"elementor-element elementor-element-ec972ad elementor-widget elementor-widget-text-editor\" data-id=\"ec972ad\" data-element_type=\"widget\" data-e-type=\"widget\" data-widget_type=\"text-editor.default\">\n\t\t\t\t\t\t\t\t\t<p class=\"font_5\"><strong>S\u00e9minaire en pr\u00e9sentiel en 2026 (3 jours).<\/strong><\/p><p>Prochaines dates :\u00a0<\/p><p class=\"font_5\"><strong><span class=\"color_41\">Pr\u00e9vision automne 2026<\/span><\/strong><\/p><p class=\"font_5\">Pour vous pr\u00e9inscrire, veuillez nous contacter.<\/p>\t\t\t\t\t\t\t\t<\/div>\n\t\t\t\t<\/div>\n\t\t\t\t<\/div>\n\t\t\t\t<\/div>\n\t\t<div class=\"elementor-element elementor-element-6d4a136 e-con-full e-flex e-con e-child\" data-id=\"6d4a136\" data-element_type=\"container\" data-e-type=\"container\">\n\t\t<div class=\"elementor-element elementor-element-7021f72 e-con-full e-flex e-con e-child\" data-id=\"7021f72\" data-element_type=\"container\" data-e-type=\"container\">\n\t\t<div class=\"elementor-element elementor-element-9964692 e-con-full e-flex e-con e-child\" data-id=\"9964692\" data-element_type=\"container\" data-e-type=\"container\" data-settings=\"{&quot;background_background&quot;:&quot;classic&quot;}\">\n\t\t\t\t<\/div>\n\t\t<div class=\"elementor-element elementor-element-75533df e-con-full e-flex e-con e-child\" data-id=\"75533df\" data-element_type=\"container\" data-e-type=\"container\">\n\t\t\t\t<div class=\"elementor-element elementor-element-5913e5a elementor-widget elementor-widget-heading\" data-id=\"5913e5a\" data-element_type=\"widget\" data-e-type=\"widget\" data-widget_type=\"heading.default\">\n\t\t\t\t\t<h2 class=\"elementor-heading-title elementor-size-default\">Consultation<\/h2>\t\t\t\t<\/div>\n\t\t\t\t<div class=\"elementor-element elementor-element-a201656 elementor-widget elementor-widget-text-editor\" data-id=\"a201656\" data-element_type=\"widget\" data-e-type=\"widget\" data-widget_type=\"text-editor.default\">\n\t\t\t\t\t\t\t\t\t<p>80\u20ac<\/p>\t\t\t\t\t\t\t\t<\/div>\n\t\t\t\t<div class=\"elementor-element elementor-element-8026500 elementor-widget elementor-widget-text-editor\" data-id=\"8026500\" data-element_type=\"widget\" data-e-type=\"widget\" data-widget_type=\"text-editor.default\">\n\t\t\t\t\t\t\t\t\t<p>Paiement s\u00e9curis\u00e9 via Stripe<\/p>\t\t\t\t\t\t\t\t<\/div>\n\t\t\t\t<div class=\"elementor-element elementor-element-03c2fb0 elementor-align-left elementor-invisible elementor-widget elementor-widget-button\" data-id=\"03c2fb0\" data-element_type=\"widget\" data-e-type=\"widget\" data-settings=\"{&quot;_animation&quot;:&quot;fadeInDown&quot;}\" data-widget_type=\"button.default\">\n\t\t\t\t\t\t\t\t\t\t<a class=\"elementor-button elementor-button-link elementor-size-sm elementor-animation-sink\" href=\"https:\/\/buy.stripe.com\/cN2bMxasN5Za8dG4gg\" target=\"_blank\">\n\t\t\t\t\t\t<span class=\"elementor-button-content-wrapper\">\n\t\t\t\t\t\t\t\t\t<span class=\"elementor-button-text\">R\u00e9server<\/span>\n\t\t\t\t\t<\/span>\n\t\t\t\t\t<\/a>\n\t\t\t\t\t\t\t\t<\/div>\n\t\t\t\t<\/div>\n\t\t<div class=\"elementor-element elementor-element-8f0c169 e-con-full e-flex e-con e-child\" data-id=\"8f0c169\" data-element_type=\"container\" data-e-type=\"container\">\n\t\t\t\t<div class=\"elementor-element elementor-element-edcc2ab elementor-widget elementor-widget-text-editor\" data-id=\"edcc2ab\" data-element_type=\"widget\" data-e-type=\"widget\" data-widget_type=\"text-editor.default\">\n\t\t\t\t\t\t\t\t\t<p class=\"font_5\">La consultation priv\u00e9e se d\u00e9roule via Skype ou par t\u00e9l\u00e9phone.<\/p><p>La\u00a0s\u00e9ance dure approximativement 1h. \u00a0\u200b<\/p><p>Contactez-nous par t\u00e9l\u00e9phone ou par e-mail pour convenir d&rsquo;un rendez-vous. Le r\u00e8glement de votre consultation validera automatiquement votre s\u00e9ance.<\/p>\t\t\t\t\t\t\t\t<\/div>\n\t\t\t\t<\/div>\n\t\t\t\t<\/div>\n\t\t\t\t<\/div>\n\t\t\t\t\t<\/div>\n\t\t\t\t<\/div>\n\t\t<div class=\"elementor-element elementor-element-37bc42d e-flex e-con-boxed e-con e-parent\" data-id=\"37bc42d\" data-element_type=\"container\" data-e-type=\"container\">\n\t\t\t\t\t<div class=\"e-con-inner\">\n\t\t<div class=\"elementor-element elementor-element-d8dc392 e-flex e-con-boxed e-con e-child\" data-id=\"d8dc392\" data-element_type=\"container\" data-e-type=\"container\" data-settings=\"{&quot;background_background&quot;:&quot;classic&quot;}\">\n\t\t\t\t\t<div class=\"e-con-inner\">\n\t\t<div class=\"elementor-element elementor-element-31a3191 e-con-full e-flex e-con e-child\" data-id=\"31a3191\" data-element_type=\"container\" data-e-type=\"container\">\n\t\t\t\t<div class=\"elementor-element elementor-element-6e518d9 elementor-widget elementor-widget-heading\" data-id=\"6e518d9\" data-element_type=\"widget\" data-e-type=\"widget\" data-widget_type=\"heading.default\">\n\t\t\t\t\t<h2 class=\"elementor-heading-title elementor-size-default\">Nous restons \u00e0 votre disposition pour toute information.<\/h2>\t\t\t\t<\/div>\n\t\t\t\t<\/div>\n\t\t<div class=\"elementor-element elementor-element-cca2049 e-con-full e-flex e-con e-child\" data-id=\"cca2049\" data-element_type=\"container\" data-e-type=\"container\">\n\t\t\t\t<div class=\"elementor-element elementor-element-0dd4c15 elementor-widget elementor-widget-text-editor\" data-id=\"0dd4c15\" data-element_type=\"widget\" data-e-type=\"widget\" data-widget_type=\"text-editor.default\">\n\t\t\t\t\t\t\t\t\t<div id=\"comp-m7nli8r73\" class=\"ku3DBC zQ9jDz qvSjx3 Vq6kJx comp-m7nli8r73 wixui-rich-text\" data-testid=\"richTextElement\"><div id=\"comp-m7swnsrm\" class=\"ku3DBC zQ9jDz qvSjx3 Vq6kJx comp-m7swnsrm wixui-rich-text\" data-testid=\"richTextElement\"><p class=\"font_8 wixui-rich-text__text\">Pour tout renseignement ou rendez-vous pour une consultation priv\u00e9e, veuillez nous contacter.<\/p><\/div><\/div>\t\t\t\t\t\t\t\t<\/div>\n\t\t\t\t<div class=\"elementor-element elementor-element-ba7af2d elementor-align-left elementor-invisible elementor-widget elementor-widget-button\" data-id=\"ba7af2d\" data-element_type=\"widget\" data-e-type=\"widget\" data-settings=\"{&quot;_animation&quot;:&quot;fadeInDown&quot;}\" data-widget_type=\"button.default\">\n\t\t\t\t\t\t\t\t\t\t<a class=\"elementor-button elementor-button-link elementor-size-sm elementor-animation-sink\" href=\"https:\/\/thekhip.com\/?page_id=501\">\n\t\t\t\t\t\t<span class=\"elementor-button-content-wrapper\">\n\t\t\t\t\t\t\t\t\t<span class=\"elementor-button-text\">Aller \u00e0 la page contact<\/span>\n\t\t\t\t\t<\/span>\n\t\t\t\t\t<\/a>\n\t\t\t\t\t\t\t\t<\/div>\n\t\t\t\t<\/div>\n\t\t\t\t\t<\/div>\n\t\t\t\t<\/div>\n\t\t\t\t\t<\/div>\n\t\t\t\t<\/div>\n\t\t\t\t<\/div>\n\t\t","protected":false},"excerpt":{"rendered":"<p>Apprentissages &amp; Autonomies de Savoir-Faire Relationnels R\u00e9servation Inscrivez vous aux stage ou r\u00e9servez votre consultation priv\u00e9e en ligne. S\u00e9minaire priv\u00e9 400\u20ac Paiement s\u00e9curis\u00e9 via Stripe R\u00e9server S\u00e9minaire en pr\u00e9sentiel en 2026 (3 jours). Prochaines dates :\u00a0 Pr\u00e9vision automne 2026 Pour vous pr\u00e9inscrire, veuillez nous contacter. Consultation 80\u20ac Paiement s\u00e9curis\u00e9 via Stripe R\u00e9server La consultation priv\u00e9e [&hellip;]<\/p>\n","protected":false},"author":1,"featured_media":0,"parent":0,"menu_order":0,"comment_status":"closed","ping_status":"closed","template":"","meta":{"footnotes":""},"class_list":["post-487","page","type-page","status-publish","hentry"],"_links":{"self":[{"href":"https:\/\/thekhip.com\/index.php?rest_route=\/wp\/v2\/pages\/487","targetHints":{"allow":["GET"]}}],"collection":[{"href":"https:\/\/thekhip.com\/index.php?rest_route=\/wp\/v2\/pages"}],"about":[{"href":"https:\/\/thekhip.com\/index.php?rest_route=\/wp\/v2\/types\/page"}],"author":[{"embeddable":true,"href":"https:\/\/thekhip.com\/index.php?rest_route=\/wp\/v2\/users\/1"}],"replies":[{"embeddable":true,"href":"https:\/\/thekhip.com\/index.php?rest_route=%2Fwp%2Fv2%2Fcomments&post=487"}],"version-history":[{"count":28,"href":"https:\/\/thekhip.com\/index.php?rest_route=\/wp\/v2\/pages\/487\/revisions"}],"predecessor-version":[{"id":659,"href":"https:\/\/thekhip.com\/index.php?rest_route=\/wp\/v2\/pages\/487\/revisions\/659"}],"wp:attachment":[{"href":"https:\/\/thekhip.com\/index.php?rest_route=%2Fwp%2Fv2%2Fmedia&parent=487"}],"curies":[{"name":"wp","href":"https:\/\/api.w.org\/{rel}","templated":true}]}}